{"id":40,"date":"2022-04-20T14:01:15","date_gmt":"2022-04-20T14:01:15","guid":{"rendered":"https:\/\/demo.himaratheme.com\/?page_id=40"},"modified":"2023-03-13T09:48:09","modified_gmt":"2023-03-13T09:48:09","slug":"apie-mus","status":"publish","type":"page","link":"https:\/\/palangainn.lt\/en\/apie-mus\/","title":{"rendered":"About us"},"content":{"rendered":"<div data-elementor-type=\"wp-page\" data-elementor-id=\"40\" class=\"elementor elementor-40\">\n\t\t\t\t\t\t\t\t\t<section class=\"elementor-section elementor-top-section elementor-element elementor-element-42f828f elementor-section-boxed elementor-section-height-default elementor-section-height-default\" data-id=\"42f828f\" data-element_type=\"section\">\n\t\t\t\t\t\t<div class=\"elementor-container elementor-column-gap-default\">\n\t\t\t\t\t<div class=\"elementor-column elementor-col-100 elementor-top-column elementor-element elementor-element-033823e\" data-id=\"033823e\" data-element_type=\"column\">\n\t\t\t<div class=\"elementor-widget-wrap elementor-element-populated\">\n\t\t\t\t\t\t\t\t<div class=\"elementor-element elementor-element-c2e23f0 elementor-widget elementor-widget-heading\" data-id=\"c2e23f0\" data-element_type=\"widget\" data-widget_type=\"heading.default\">\n\t\t\t\t<div class=\"elementor-widget-container\">\n\t\t\t<style>\/*! elementor - v3.11.2 - 22-02-2023 *\/\n.elementor-heading-title{padding:0;margin:0;line-height:1}.elementor-widget-heading .elementor-heading-title[class*=elementor-size-]>a{color:inherit;font-size:inherit;line-height:inherit}.elementor-widget-heading .elementor-heading-title.elementor-size-small{font-size:15px}.elementor-widget-heading .elementor-heading-title.elementor-size-medium{font-size:19px}.elementor-widget-heading .elementor-heading-title.elementor-size-large{font-size:29px}.elementor-widget-heading .elementor-heading-title.elementor-size-xl{font-size:39px}.elementor-widget-heading .elementor-heading-title.elementor-size-xxl{font-size:59px}<\/style><h2 class=\"elementor-heading-title elementor-size-default\">Palanga INN - holiday apartments in Kunigi\u0161kiuose, Palanga, welcoming vacationers during the summer<\/h2>\t\t<\/div>\n\t\t\t\t<\/div>\n\t\t\t\t<div class=\"elementor-element elementor-element-ee10b45 elementor-widget elementor-widget-heading\" data-id=\"ee10b45\" data-element_type=\"widget\" data-widget_type=\"heading.default\">\n\t\t\t\t<div class=\"elementor-widget-container\">\n\t\t\t<h2 class=\"elementor-heading-title elementor-size-default\">This is a quality vacation in Kunigi\u0161kiai - apartments, studio flats for rent by the sea.<\/h2>\t\t<\/div>\n\t\t\t\t<\/div>\n\t\t\t\t<div class=\"elementor-element elementor-element-cb7351c elementor-widget elementor-widget-text-editor\" data-id=\"cb7351c\" data-element_type=\"widget\" data-widget_type=\"text-editor.default\">\n\t\t\t\t<div class=\"elementor-widget-container\">\n\t\t\t<style>\/*! elementor - v3.11.2 - 22-02-2023 *\/\n.elementor-widget-text-editor.elementor-drop-cap-view-stacked .elementor-drop-cap{background-color:#818a91;color:#fff}.elementor-widget-text-editor.elementor-drop-cap-view-framed .elementor-drop-cap{color:#818a91;border:3px solid;background-color:transparent}.elementor-widget-text-editor:not(.elementor-drop-cap-view-default) .elementor-drop-cap{margin-top:8px}.elementor-widget-text-editor:not(.elementor-drop-cap-view-default) .elementor-drop-cap-letter{width:1em;height:1em}.elementor-widget-text-editor .elementor-drop-cap{float:left;text-align:center;line-height:1;font-size:50px}.elementor-widget-text-editor .elementor-drop-cap-letter{display:inline-block}<\/style>\t\t\t\t<p>We invite you to visit our year-round stylish apartments by the Baltic Sea and enjoy your morning coffee to the sound of the waves.\u00a0<\/p><p class=\" translation-block\">Stylish, soundproof apartments with air conditioning await you. Each apartment has either a <u>balcony<\/u> or <u>terrace<\/u>, <u>private fenced area<\/u>, parking monitored by video cameras, free WI-FI, <u>GrillZona<\/u>, <u>children's playground<\/u>, <u>summer cinema<\/u>, <u>Jacuzzi tub<\/u>, <u>bubbles for children<\/u> - and much more will entertain you Rest in Palanga INN is unforgettable!<\/p><p class=\" translation-block\"><b>Near the sea<\/b>: Palanga INN - holiday apartments, located in Palanga, Kunigi\u0161kiai, right next to the bicycles, Forest path. Just 100 meters to the Baltic Sea, white sand beach, dunes and fragrant pine forests. Those who love peace will definitely like it here: the beach strip covered with pine forests stretches for many kilometers. From Palanga INN, it is easy to reach with a stroller, as a new wooden path winds its way to the beach. Palanga INN is a place where you can hear the sea waves on the balcony while drinking coffee, and the natural scents and view of the pine forest will be the best health cocktail for those with health problems.<\/p><p><strong>INFRASTRUCTURE<\/strong><\/p><p class=\" translation-block\">Comfortable and developed infrastructure: 300m. from Palanga INN there is a shop <u>AIB\u0116<\/u>, a wonderful cafe <u>BERMUDAI<\/u>, a restaurant <u>SENIS AND THE SEA<\/u>, various snack stalls, a fisherman's fish smokehouse, where you can always buy hot , freshly smoked fish. For those who want the hustle and bustle, city bus No. 2 will take you to the center of Palanga in just 15 minutes, its stop is only 300m from Palanga INN. Nearby, only 1 km. distance, there is a wonderful water trampoline park Jump park Palanga, only 10 min. by car and you will reach the amusement park BOOM, HBH Palanga, etc. Klaip\u0117da Maritime Museum and - only 45 km from Palanga INN<\/p><p class=\" translation-block\"><strong>AIRPORT:<\/strong> Palanga INN is only 3km from <u>Palanga International Airport,<\/u> to which Palanga INN can take\/drop off its guests at an agreed time (reservation required), so you will always arrive for the flight on time Mark the need for transportation and we will coordinate the transportation issue with you.<\/p><p class=\" translation-block\"><strong>FERRIES<\/strong>: Klaip\u0117da International Port, transfer - by highway only 40km from Palanga INN<\/p><p><strong>ACTIVE ENTERTAINMENT:<\/strong><\/p><p class=\" translation-block\"><strong>Forest trail<\/strong> GOOD MORNING - a winding pine forest trail from Palanga INN all the way to Palanga will allow you to enjoy the peace, nearby outdoor exercise equipment, and a free children's playground in the city of Palanga.<\/p><p class=\" translation-block\"><strong>Bike path<\/strong> PALANGA - \u0160ventoji is only 100m from Palanga INN, a 14km lane of high-quality bike path will allow lovers of bicycles, scooters, rollerblades to enjoy. Ice cream carts and caf\u00e9s for cyclists are located next to the trail, allowing all guests to refresh themselves during the summer.<\/p><p class=\" translation-block\"><strong>CHILDREN'S PLAYGROUND PALANGA INN<\/strong> - a children's playground is equipped in the closed area for the convenience of our guests, where you will find a sandbox for the little ones, even a few swings, a trampoline, a hammock, a drawing board, outdoor chess and checkers, etc.<\/p><p class=\" translation-block\"><strong>SUMMER CINEMA<\/strong> - a beautiful and warm evening, we invite you to immerse yourself in the world of fairy tales or enjoy music videos of foreign artists, comfortably located on the balcony or terrace of your apartment.<\/p><p class=\" translation-block\"><strong>SOAP BUBBLES<\/strong> - entertainment for families. Let's create the biggest soap bubble, fill the courtyard of Palanga INN with joy and garlands of soap bubbles, because it's so much fun to blow, catch and explode them.<\/p><p class=\" translation-block\"><strong>GRILL ZONE<\/strong> - cozy places under outdoor umbrellas and smoldering barbecues, will allow you to enjoy grilled dishes and spend cozy evenings. Palanga INN will make sure that you don't lack skewers and grills, and little gourmets can wait for their food in comfortable children's chairs.<\/p><p class=\" translation-block\"><strong>JACUZZI TUB<\/strong> - fun entertainment for the whole family! A private atmosphere, in the glass gazebo J\u016bROS \u017dVAI\u017dD\u0116 can pamper up to 12 people at the same time. Book a private Jacuzzi evening with a relaxing water massage, a wonderful experience for HIM, HER or fun for the whole family. It is also convenient to celebrate small family holidays and occasions in the gazebo.<\/p><p class=\" translation-block\"><strong>AND MORE<\/strong> - bicycles, e-cigarettes, seats, etc. you can find everything with us or at nearby rental points.<\/p><p class=\" translation-block\"><strong>GIFT COUPONS, BIRTHDAYS<\/strong> - Give the gift of unforgettable experiences at Palanga INN, invite your loved ones to visit us and use all Palanga INN entertainment. After all, the Coupon is valid even for 12 months. for any amount you choose! All information: +37062055505<\/p>\t\t\t\t\t\t<\/div>\n\t\t\t\t<\/div>\n\t\t\t\t\t<\/div>\n\t\t<\/div>\n\t\t\t\t\t\t\t<\/div>\n\t\t<\/section>\n\t\t\t\t<section class=\"elementor-section elementor-top-section elementor-element elementor-element-7a12fd7 elementor-section-boxed elementor-section-height-default elementor-section-height-default\" data-id=\"7a12fd7\" data-element_type=\"section\">\n\t\t\t\t\t\t<div class=\"elementor-container elementor-column-gap-default\">\n\t\t\t\t\t<div class=\"elementor-column elementor-col-100 elementor-top-column elementor-element elementor-element-2a66631\" data-id=\"2a66631\" data-element_type=\"column\">\n\t\t\t<div class=\"elementor-widget-wrap elementor-element-populated\">\n\t\t\t\t\t\t\t\t<section class=\"elementor-section elementor-inner-section elementor-element elementor-element-5671f00 elementor-section-boxed elementor-section-height-default elementor-section-height-default\" data-id=\"5671f00\" data-element_type=\"section\">\n\t\t\t\t\t\t<div class=\"elementor-container elementor-column-gap-default\">\n\t\t\t\t\t<div class=\"elementor-column elementor-col-100 elementor-inner-column elementor-element elementor-element-8b8397e\" data-id=\"8b8397e\" data-element_type=\"column\">\n\t\t\t<div class=\"elementor-widget-wrap elementor-element-populated\">\n\t\t\t\t\t\t\t\t<div class=\"elementor-element elementor-element-7857894 elementor-widget elementor-widget-heading\" data-id=\"7857894\" data-element_type=\"widget\" data-widget_type=\"heading.default\">\n\t\t\t\t<div class=\"elementor-widget-container\">\n\t\t\t<h2 class=\"elementor-heading-title elementor-size-default\">Brief information<\/h2>\t\t<\/div>\n\t\t\t\t<\/div>\n\t\t\t\t\t<\/div>\n\t\t<\/div>\n\t\t\t\t\t\t\t<\/div>\n\t\t<\/section>\n\t\t\t\t<section class=\"elementor-section elementor-inner-section elementor-element elementor-element-89c6b8f elementor-section-boxed elementor-section-height-default elementor-section-height-default\" data-id=\"89c6b8f\" data-element_type=\"section\">\n\t\t\t\t\t\t<div class=\"elementor-container elementor-column-gap-default\">\n\t\t\t\t\t<div class=\"elementor-column elementor-col-25 elementor-inner-column elementor-element elementor-element-888f14f\" data-id=\"888f14f\" data-element_type=\"column\" data-settings=\"{&quot;background_background&quot;:&quot;classic&quot;}\">\n\t\t\t<div class=\"elementor-widget-wrap elementor-element-populated\">\n\t\t\t\t\t\t\t\t<div class=\"elementor-element elementor-element-127fec2 elementor-widget elementor-widget-counter\" data-id=\"127fec2\" data-element_type=\"widget\" data-widget_type=\"counter.default\">\n\t\t\t\t<div class=\"elementor-widget-container\">\n\t\t\t<style>\/*! elementor - v3.11.2 - 22-02-2023 *\/\n.elementor-counter .elementor-counter-number-wrapper{display:flex;font-size:69px;font-weight:600;line-height:1}.elementor-counter .elementor-counter-number-prefix,.elementor-counter .elementor-counter-number-suffix{flex-grow:1;white-space:pre-wrap}.elementor-counter .elementor-counter-number-prefix{text-align:right}.elementor-counter .elementor-counter-number-suffix{text-align:left}.elementor-counter .elementor-counter-title{text-align:center;font-size:19px;font-weight:400;line-height:2.5}<\/style>\t\t<div class=\"elementor-counter\">\n\t\t\t<div class=\"elementor-counter-number-wrapper\">\n\t\t\t\t<span class=\"elementor-counter-number-prefix\"><\/span>\n\t\t\t\t<span class=\"elementor-counter-number\" data-duration=\"2000\" data-to-value=\"8\" data-from-value=\"0\" data-delimiter=\",\">0<\/span>\n\t\t\t\t<span class=\"elementor-counter-number-suffix\"><\/span>\n\t\t\t<\/div>\n\t\t\t\t\t\t\t<div class=\"elementor-counter-title\">Apartments<\/div>\n\t\t\t\t\t<\/div>\n\t\t\t\t<\/div>\n\t\t\t\t<\/div>\n\t\t\t\t\t<\/div>\n\t\t<\/div>\n\t\t\t\t<div class=\"elementor-column elementor-col-25 elementor-inner-column elementor-element elementor-element-1efdff0\" data-id=\"1efdff0\" data-element_type=\"column\" data-settings=\"{&quot;background_background&quot;:&quot;classic&quot;}\">\n\t\t\t<div class=\"elementor-widget-wrap elementor-element-populated\">\n\t\t\t\t\t\t\t\t<div class=\"elementor-element elementor-element-531e7ab elementor-widget elementor-widget-counter\" data-id=\"531e7ab\" data-element_type=\"widget\" data-widget_type=\"counter.default\">\n\t\t\t\t<div class=\"elementor-widget-container\">\n\t\t\t\t\t<div class=\"elementor-counter\">\n\t\t\t<div class=\"elementor-counter-number-wrapper\">\n\t\t\t\t<span class=\"elementor-counter-number-prefix\"><\/span>\n\t\t\t\t<span class=\"elementor-counter-number\" data-duration=\"2000\" data-to-value=\"2019\" data-from-value=\"2000\">2000<\/span>\n\t\t\t\t<span class=\"elementor-counter-number-suffix\"><\/span>\n\t\t\t<\/div>\n\t\t\t\t\t\t\t<div class=\"elementor-counter-title\">Established<\/div>\n\t\t\t\t\t<\/div>\n\t\t\t\t<\/div>\n\t\t\t\t<\/div>\n\t\t\t\t\t<\/div>\n\t\t<\/div>\n\t\t\t\t<div class=\"elementor-column elementor-col-25 elementor-inner-column elementor-element elementor-element-b23fddf\" data-id=\"b23fddf\" data-element_type=\"column\">\n\t\t\t<div class=\"elementor-widget-wrap elementor-element-populated\">\n\t\t\t\t\t\t\t\t<div class=\"elementor-element elementor-element-e116c20 elementor-widget elementor-widget-counter\" data-id=\"e116c20\" data-element_type=\"widget\" data-widget_type=\"counter.default\">\n\t\t\t\t<div class=\"elementor-widget-container\">\n\t\t\t\t\t<div class=\"elementor-counter\">\n\t\t\t<div class=\"elementor-counter-number-wrapper\">\n\t\t\t\t<span class=\"elementor-counter-number-prefix\"><\/span>\n\t\t\t\t<span class=\"elementor-counter-number\" data-duration=\"2000\" data-to-value=\"100\" data-from-value=\"0\" data-delimiter=\",\">0<\/span>\n\t\t\t\t<span class=\"elementor-counter-number-suffix\"> m.<\/span>\n\t\t\t<\/div>\n\t\t\t\t\t\t\t<div class=\"elementor-counter-title\">To the sea<\/div>\n\t\t\t\t\t<\/div>\n\t\t\t\t<\/div>\n\t\t\t\t<\/div>\n\t\t\t\t\t<\/div>\n\t\t<\/div>\n\t\t\t\t<div class=\"elementor-column elementor-col-25 elementor-inner-column elementor-element elementor-element-9321518\" data-id=\"9321518\" data-element_type=\"column\">\n\t\t\t<div class=\"elementor-widget-wrap elementor-element-populated\">\n\t\t\t\t\t\t\t\t<div class=\"elementor-element elementor-element-ce33dd7 elementor-widget elementor-widget-counter\" data-id=\"ce33dd7\" data-element_type=\"widget\" data-widget_type=\"counter.default\">\n\t\t\t\t<div class=\"elementor-widget-container\">\n\t\t\t\t\t<div class=\"elementor-counter\">\n\t\t\t<div class=\"elementor-counter-number-wrapper\">\n\t\t\t\t<span class=\"elementor-counter-number-prefix\"><\/span>\n\t\t\t\t<span class=\"elementor-counter-number\" data-duration=\"2000\" data-to-value=\"3\" data-from-value=\"0\" data-delimiter=\",\">0<\/span>\n\t\t\t\t<span class=\"elementor-counter-number-suffix\"> km.<\/span>\n\t\t\t<\/div>\n\t\t\t\t\t\t\t<div class=\"elementor-counter-title\">To the airport<\/div>\n\t\t\t\t\t<\/div>\n\t\t\t\t<\/div>\n\t\t\t\t<\/div>\n\t\t\t\t\t<\/div>\n\t\t<\/div>\n\t\t\t\t\t\t\t<\/div>\n\t\t<\/section>\n\t\t\t\t\t<\/div>\n\t\t<\/div>\n\t\t\t\t\t\t\t<\/div>\n\t\t<\/section>\n\t\t\t\t<section class=\"elementor-section elementor-top-section elementor-element elementor-element-6f33fd3 elementor-section-boxed elementor-section-height-default elementor-section-height-default\" data-id=\"6f33fd3\" data-element_type=\"section\">\n\t\t\t\t\t\t<div class=\"elementor-container elementor-column-gap-default\">\n\t\t\t\t\t<div class=\"elementor-column elementor-col-100 elementor-top-column elementor-element elementor-element-7ca922e\" data-id=\"7ca922e\" data-element_type=\"column\">\n\t\t\t<div class=\"elementor-widget-wrap elementor-element-populated\">\n\t\t\t\t\t\t\t\t<section class=\"elementor-section elementor-inner-section elementor-element elementor-element-43676aa elementor-section-boxed elementor-section-height-default elementor-section-height-default\" data-id=\"43676aa\" data-element_type=\"section\">\n\t\t\t\t\t\t<div class=\"elementor-container elementor-column-gap-default\">\n\t\t\t\t\t<div class=\"elementor-column elementor-col-100 elementor-inner-column elementor-element elementor-element-339f681\" data-id=\"339f681\" data-element_type=\"column\">\n\t\t\t<div class=\"elementor-widget-wrap elementor-element-populated\">\n\t\t\t\t\t\t\t\t<div class=\"elementor-element elementor-element-237ae6a elementor-widget elementor-widget-heading\" data-id=\"237ae6a\" data-element_type=\"widget\" data-widget_type=\"heading.default\">\n\t\t\t\t<div class=\"elementor-widget-container\">\n\t\t\t<h2 class=\"elementor-heading-title elementor-size-default\">We recommend a visit<\/h2>\t\t<\/div>\n\t\t\t\t<\/div>\n\t\t\t\t<div class=\"elementor-element elementor-element-6cec232 elementor-widget elementor-widget-eb_places\" data-id=\"6cec232\" data-element_type=\"widget\" data-widget_type=\"eb_places.default\">\n\t\t\t\t<div class=\"elementor-widget-container\">\n\t\t\t\n\t\t\n\t\t<div id=\"places-wXT0J\" class=\"eb-g-lg-4 eb-g-md-3 eb-g-sm-1 eb-places\">\n\n\t\t<div class=\"eb-place-item\" style=\"background-image: url( https:\/\/palangainn.lt\/wp-content\/uploads\/2023\/03\/20230407_094004-min-720x470.jpg ) \">\r\n    <a href=\"https:\/\/palangainn.lt\/en\/rekomenduojame-aplankyti\/palangos-miesto-vaiku-zaidimu-aikstele\/\"><\/a>\r\n            <div class=\"details\">\r\n            <h4 class=\"title\">Children's playground of Palanga city<span><\/span><\/h4>\r\n        <\/div>\r\n    <\/div>\r\n<div class=\"eb-place-item\" style=\"background-image: url( https:\/\/palangainn.lt\/wp-content\/uploads\/2023\/03\/IMG_20200816_181135-1-720x470.jpg ) \">\r\n    <a href=\"https:\/\/palangainn.lt\/en\/rekomenduojame-aplankyti\/boom-park\/\"><\/a>\r\n            <div class=\"details\">\r\n            <h4 class=\"title\">BOOM park<span><\/span><\/h4>\r\n        <\/div>\r\n    <\/div>\r\n<div class=\"eb-place-item\" style=\"background-image: url( https:\/\/palangainn.lt\/wp-content\/uploads\/2023\/03\/FB_IMG_1680868590023-720x470.jpg ) \">\r\n    <a href=\"https:\/\/palangainn.lt\/en\/rekomenduojame-aplankyti\/vandens-batutu-parkas-wakepark\/\"><\/a>\r\n            <div class=\"details\">\r\n            <h4 class=\"title\">Water Trampoline Park Wakepark<span><\/span><\/h4>\r\n        <\/div>\r\n    <\/div>\r\n<div class=\"eb-place-item\" style=\"background-image: url( https:\/\/palangainn.lt\/wp-content\/uploads\/2023\/04\/20230407_092306-min-1-720x470.jpg ) \">\r\n    <a href=\"https:\/\/palangainn.lt\/en\/rekomenduojame-aplankyti\/palangos-tiltas-ir-basanaviciaus-gatve\/\"><\/a>\r\n            <div class=\"details\">\r\n            <h4 class=\"title\">Palanga Bridge and Basanavi\u010dius Street<span><\/span><\/h4>\r\n        <\/div>\r\n    <\/div>\r\n<div class=\"eb-place-item\" style=\"background-image: url( https:\/\/palangainn.lt\/wp-content\/uploads\/2023\/04\/IMG_20210520_125424-min-3-720x470.jpg ) \">\r\n    <a href=\"https:\/\/palangainn.lt\/en\/rekomenduojame-aplankyti\/misko-takas-labrytys\/\"><\/a>\r\n            <div class=\"details\">\r\n            <h4 class=\"title\">Forest path LABRYTYS<span><\/span><\/h4>\r\n        <\/div>\r\n    <\/div>\r\n<div class=\"eb-place-item\" style=\"background-image: url( https:\/\/palangainn.lt\/wp-content\/uploads\/2023\/04\/ezgif.com-webp-to-jpg-720x470.jpg ) \">\r\n    <a href=\"https:\/\/palangainn.lt\/en\/rekomenduojame-aplankyti\/palangos-baseinas\/\"><\/a>\r\n            <div class=\"details\">\r\n            <h4 class=\"title\">Palanga swimming pool<span><\/span><\/h4>\r\n        <\/div>\r\n    <\/div>\r\n<div class=\"eb-place-item\" style=\"background-image: url( https:\/\/palangainn.lt\/wp-content\/uploads\/2024\/05\/IMG_20230915_101837_209-720x470.jpg ) \">\r\n    <a href=\"https:\/\/palangainn.lt\/en\/rekomenduojame-aplankyti\/jodinejimas-zirgais-pajuriu\/\"><\/a>\r\n            <div class=\"details\">\r\n            <h4 class=\"title\">Jodin\u0117jimas \u017eirgais paj\u016briu<span><\/span><\/h4>\r\n        <\/div>\r\n    <\/div>\r\n\n\t\t<\/div>\n\n\t\t\t<\/div>\n\t\t\t\t<\/div>\n\t\t\t\t\t<\/div>\n\t\t<\/div>\n\t\t\t\t\t\t\t<\/div>\n\t\t<\/section>\n\t\t\t\t\t<\/div>\n\t\t<\/div>\n\t\t\t\t\t\t\t<\/div>\n\t\t<\/section>\n\t\t\t\t\t\t\t<\/div>","protected":false},"excerpt":{"rendered":"<p>Palanga INN \u2013 poilsio apartamentai Kunigi\u0161kiuose, Palangoje, svetingai priimantys poilsiautojus vasaros metu Tai kokybi\u0161kas poilsis Kunigi\u0161kiuose \u2013 apartament\u0173, studijos tipo but\u0173 nuoma prie j\u016bros. Kvie\u010diame aplankyti visus metus veikian\u010dius stilingus apartamentus prie Baltijos j\u016bros ir m\u0117gautis rytine kava, skambant bangom\u016b\u0161ai.\u00a0 J\u016bs\u0173 laukia stilingi, garsui nepralaid\u016bs apartamentai su kondicionieriais. Kiekvienas apartamentas turi arba\u00a0balkon\u0105\u00a0arba\u00a0teras\u0105,\u00a0privati aptverta teritorija, parkavimas [&hellip;]<\/p>","protected":false},"author":1,"featured_media":0,"parent":0,"menu_order":0,"comment_status":"closed","ping_status":"closed","template":"","meta":{"inline_featured_image":false,"footnotes":""},"class_list":["post-40","page","type-page","status-publish","hentry"],"_links":{"self":[{"href":"https:\/\/palangainn.lt\/en\/wp-json\/wp\/v2\/pages\/40","targetHints":{"allow":["GET"]}}],"collection":[{"href":"https:\/\/palangainn.lt\/en\/wp-json\/wp\/v2\/pages"}],"about":[{"href":"https:\/\/palangainn.lt\/en\/wp-json\/wp\/v2\/types\/page"}],"author":[{"embeddable":true,"href":"https:\/\/palangainn.lt\/en\/wp-json\/wp\/v2\/users\/1"}],"replies":[{"embeddable":true,"href":"https:\/\/palangainn.lt\/en\/wp-json\/wp\/v2\/comments?post=40"}],"version-history":[{"count":23,"href":"https:\/\/palangainn.lt\/en\/wp-json\/wp\/v2\/pages\/40\/revisions"}],"predecessor-version":[{"id":3642,"href":"https:\/\/palangainn.lt\/en\/wp-json\/wp\/v2\/pages\/40\/revisions\/3642"}],"wp:attachment":[{"href":"https:\/\/palangainn.lt\/en\/wp-json\/wp\/v2\/media?parent=40"}],"curies":[{"name":"wp","href":"https:\/\/api.w.org\/{rel}","templated":true}]}}