{"id":14,"date":"2022-04-19T14:37:39","date_gmt":"2022-04-19T14:37:39","guid":{"rendered":"https:\/\/demo.himaratheme.com\/?page_id=14"},"modified":"2023-03-20T12:27:49","modified_gmt":"2023-03-20T12:27:49","slug":"kontaktai","status":"publish","type":"page","link":"https:\/\/palangainn.lt\/en\/kontaktai\/","title":{"rendered":"Contact us"},"content":{"rendered":"<div data-elementor-type=\"wp-page\" data-elementor-id=\"14\" class=\"elementor elementor-14\">\n\t\t\t\t\t\t\t\t\t<section class=\"elementor-section elementor-top-section elementor-element elementor-element-8fc396d elementor-section-boxed elementor-section-height-default elementor-section-height-default\" data-id=\"8fc396d\" data-element_type=\"section\">\n\t\t\t\t\t\t<div class=\"elementor-container elementor-column-gap-default\">\n\t\t\t\t\t<div class=\"elementor-column elementor-col-50 elementor-top-column elementor-element elementor-element-730655b\" data-id=\"730655b\" data-element_type=\"column\">\n\t\t\t<div class=\"elementor-widget-wrap elementor-element-populated\">\n\t\t\t\t\t\t\t\t<div class=\"elementor-element elementor-element-3279459 elementor-widget elementor-widget-heading\" data-id=\"3279459\" data-element_type=\"widget\" data-widget_type=\"heading.default\">\n\t\t\t\t<div class=\"elementor-widget-container\">\n\t\t\t<style>\/*! elementor - v3.11.2 - 22-02-2023 *\/\n.elementor-heading-title{padding:0;margin:0;line-height:1}.elementor-widget-heading .elementor-heading-title[class*=elementor-size-]>a{color:inherit;font-size:inherit;line-height:inherit}.elementor-widget-heading .elementor-heading-title.elementor-size-small{font-size:15px}.elementor-widget-heading .elementor-heading-title.elementor-size-medium{font-size:19px}.elementor-widget-heading .elementor-heading-title.elementor-size-large{font-size:29px}.elementor-widget-heading .elementor-heading-title.elementor-size-xl{font-size:39px}.elementor-widget-heading .elementor-heading-title.elementor-size-xxl{font-size:59px}<\/style><h1 class=\"elementor-heading-title elementor-size-default\">Kontaktin\u0117 forma<\/h1>\t\t<\/div>\n\t\t\t\t<\/div>\n\t\t\t\t<div class=\"elementor-element elementor-element-6b37479 elementor-widget elementor-widget-text-editor\" data-id=\"6b37479\" data-element_type=\"widget\" data-widget_type=\"text-editor.default\">\n\t\t\t\t<div class=\"elementor-widget-container\">\n\t\t\t<style>\/*! elementor - v3.11.2 - 22-02-2023 *\/\n.elementor-widget-text-editor.elementor-drop-cap-view-stacked .elementor-drop-cap{background-color:#818a91;color:#fff}.elementor-widget-text-editor.elementor-drop-cap-view-framed .elementor-drop-cap{color:#818a91;border:3px solid;background-color:transparent}.elementor-widget-text-editor:not(.elementor-drop-cap-view-default) .elementor-drop-cap{margin-top:8px}.elementor-widget-text-editor:not(.elementor-drop-cap-view-default) .elementor-drop-cap-letter{width:1em;height:1em}.elementor-widget-text-editor .elementor-drop-cap{float:left;text-align:center;line-height:1;font-size:50px}.elementor-widget-text-editor .elementor-drop-cap-letter{display:inline-block}<\/style>\t\t\t\t<p>Reikalinga konsultacija? Susisiekite su mumis \u017eemiau nurodyta forma<\/p>\t\t\t\t\t\t<\/div>\n\t\t\t\t<\/div>\n\t\t\t\t<div class=\"elementor-element elementor-element-f594b21 elementor-widget elementor-widget-shortcode\" data-id=\"f594b21\" data-element_type=\"widget\" data-widget_type=\"shortcode.default\">\n\t\t\t\t<div class=\"elementor-widget-container\">\n\t\t\t\t\t<div class=\"elementor-shortcode\">\n<div class=\"wpcf7 no-js\" id=\"wpcf7-f1315-o1\" lang=\"en-US\" dir=\"ltr\">\n<div class=\"screen-reader-response\"><p role=\"status\" aria-live=\"polite\" aria-atomic=\"true\"><\/p> <ul><\/ul><\/div>\n<form action=\"\/en\/wp-json\/wp\/v2\/pages\/14#wpcf7-f1315-o1\" method=\"post\" class=\"wpcf7-form init\" aria-label=\"Contact form\" novalidate=\"novalidate\" data-status=\"init\" data-trp-original-action=\"\/en\/wp-json\/wp\/v2\/pages\/14#wpcf7-f1315-o1\">\n<div style=\"display: none;\">\n<input type=\"hidden\" name=\"_wpcf7\" value=\"1315\" \/>\n<input type=\"hidden\" name=\"_wpcf7_version\" value=\"5.7.4\" \/>\n<input type=\"hidden\" name=\"_wpcf7_locale\" value=\"en_US\" \/>\n<input type=\"hidden\" name=\"_wpcf7_unit_tag\" value=\"wpcf7-f1315-o1\" \/>\n<input type=\"hidden\" name=\"_wpcf7_container_post\" value=\"0\" \/>\n<input type=\"hidden\" name=\"_wpcf7_posted_data_hash\" value=\"\" \/>\n<\/div>\n<div class=\"wpcf7-response-output\" aria-hidden=\"true\"><\/div>\n<p><label> J\u016bs\u0173 vardas<br \/>\n<span class=\"wpcf7-form-control-wrap\" data-name=\"your-name\"><input size=\"40\" class=\"wpcf7-form-control wpcf7-text wpcf7-validates-as-required form-control\" aria-required=\"true\" aria-invalid=\"false\" value=\"\" type=\"text\" name=\"your-name\" \/><\/span> <\/label>\n<\/p>\n<p><label> E-mail:<br \/>\n<span class=\"wpcf7-form-control-wrap\" data-name=\"your-email\"><input size=\"40\" class=\"wpcf7-form-control wpcf7-text wpcf7-email wpcf7-validates-as-required wpcf7-validates-as-email form-control\" aria-required=\"true\" aria-invalid=\"false\" value=\"\" type=\"email\" name=\"your-email\" \/><\/span> <\/label>\n<\/p>\n<p><label> Tema<br \/>\n<span class=\"wpcf7-form-control-wrap\" data-name=\"your-subject\"><input size=\"40\" class=\"wpcf7-form-control wpcf7-text wpcf7-validates-as-required form-control\" aria-required=\"true\" aria-invalid=\"false\" value=\"\" type=\"text\" name=\"your-subject\" \/><\/span> <\/label>\n<\/p>\n<p><label> \u017dinut\u0117<br \/>\n<span class=\"wpcf7-form-control-wrap\" data-name=\"your-message\"><textarea cols=\"40\" rows=\"10\" class=\"wpcf7-form-control wpcf7-textarea form-control\" aria-invalid=\"false\" name=\"your-message\"><\/textarea><\/span> <\/label>\n<\/p>\n<p><input class=\"wpcf7-form-control has-spinner wpcf7-submit btn\" type=\"submit\" value=\"Si\u0173sti \u017einut\u0119\" \/>\n<\/p>\n<input type=\"hidden\" name=\"trp-form-language\" value=\"en\"\/><\/form>\n<\/div>\n<\/div>\n\t\t\t\t<\/div>\n\t\t\t\t<\/div>\n\t\t\t\t\t<\/div>\n\t\t<\/div>\n\t\t\t\t<div class=\"elementor-column elementor-col-50 elementor-top-column elementor-element elementor-element-283d8f6\" data-id=\"283d8f6\" data-element_type=\"column\">\n\t\t\t<div class=\"elementor-widget-wrap elementor-element-populated\">\n\t\t\t\t\t\t\t\t<div class=\"elementor-element elementor-element-36b815d elementor-widget elementor-widget-eth_map\" data-id=\"36b815d\" data-element_type=\"widget\" data-widget_type=\"eth_map.default\">\n\t\t\t\t<div class=\"elementor-widget-container\">\n\t\t\t\n\t\t<script>\n\t\tjQuery(document).ready(function ($) {\n\t\t\t jQuery(function($) {\n\n\n\n\/\/ GOOGLE MAP\n    \/\/ =============================================\n    function initialize() {\n      var map;\n      var panorama;\n      var var_latitude = 55.9643916; \/\/ Google Map Latitude\n      var var_longitude = 21.0738951; \/\/ Google Map Longitude\n      var pin = 'https:\/\/palangainn.lt\/wp-content\/uploads\/2023\/03\/pinas.png';\n\n      \/\/Map pin-window details\n      var hotel_desc = '<p><strong>Himara Hotel<\/strong><\/p><ul><li>Lorem ipsum dolor, 25, Himara<\/li><li>+1 888 123 4567<\/li><li>contact@hotelhimara.com<\/li><\/ul>';\n      var title = 'Palanga INN';\n\n\n      var hotel_location = new google.maps.LatLng(var_latitude, var_longitude);\n      var mapOptions = {\n        center: hotel_location,\n        zoom: 7,\n        scrollwheel: false,\n        streetViewControl: false,\n        styles: [{\n          \"featureType\": \"administrative\",\n          \"elementType\": \"labels.text.fill\",\n          \"stylers\": [{\n            \"color\": \"#444444\"\n          }]\n        }, {\n          \"featureType\": \"landscape\",\n          \"elementType\": \"all\",\n          \"stylers\": [{\n            \"color\": \"#f5f5f5\"\n          }]\n        }, {\n          \"featureType\": \"poi\",\n          \"elementType\": \"all\",\n          \"stylers\": [{\n            \"visibility\": \"off\"\n          }]\n        }, {\n          \"featureType\": \"road\",\n          \"elementType\": \"all\",\n          \"stylers\": [{\n            \"saturation\": -100\n          }, {\n            \"lightness\": 45\n          }]\n        }, {\n          \"featureType\": \"road.highway\",\n          \"elementType\": \"all\",\n          \"stylers\": [{\n            \"visibility\": \"simplified\"\n          }]\n        }, {\n          \"featureType\": \"road.arterial\",\n          \"elementType\": \"labels.icon\",\n          \"stylers\": [{\n            \"visibility\": \"off\"\n          }]\n        }, {\n          \"featureType\": \"transit\",\n          \"elementType\": \"all\",\n          \"stylers\": [{\n            \"visibility\": \"off\"\n          }]\n        }, {\n          \"featureType\": \"water\",\n          \"elementType\": \"all\",\n          \"stylers\": [{\n            \"color\": \"#1dc1f8\"\n          }, {\n            \"visibility\": \"on\"\n          }]\n        }]\n      };\n\n      map = new google.maps.Map(document.getElementById('map-canvas-YClKs'), mapOptions);\n\n      var contentString =\n        '<div id=\"infowindow_content\">' + hotel_desc + '<\/div>';\n\n      var var_infowindow = new google.maps.InfoWindow({\n        content: contentString\n      });\n      var marker = new google.maps.Marker({\n        position: hotel_location,\n        map: map,\n        icon: pin,\n        title: title,\n        maxWidth: 500,\n        optimized: false,\n      });\n      google.maps.event.addListener(marker, 'click', function() {\n        var_infowindow.open(map, marker);\n      });\n      panorama = map.getStreetView();\n      panorama.setPosition(hotel_location);\n      panorama.setPov( \/** @type {google.maps.StreetViewPov} *\/ ({\n        heading: 265,\n        pitch: 0\n      }));\n\t        var openStreet = document.getElementById('openStreetView');\n      if (openStreet) {\n        document.getElementById(\"openStreetView\").onclick = function() {\n          toggleStreetView()\n        };\n      }\n\n      function toggleStreetView() {\n        var toggle = panorama.getVisible();\n        if (toggle == false) {\n          panorama.setVisible(true);\n        } else {\n          panorama.setVisible(false);\n        }\n      }\n\t      }\n\t\t\/\/Check if google map exist\n\t\tif ($(\"#map-canvas-YClKs\").length) {\n\n\t\t\t\/\/ google.maps.event.addDomListener(window, 'load', initialize());\n\t\t\taddEventListener(\"load\", initialize, false);\n\n\t\t}\n\n\t\t});\n\n\t\t});\n\n\t\t<\/script>\n\n\t\t<div class=\"eth-google-map\">\n\t\t\t<div id=\"map-canvas-YClKs\" class=\"inner-map\"><\/div>\n\t\t\t<div class=\"toggle-streetview\" id=\"openStreetView\">\n\t\t\t\t<i class=\"fa fa-street-view\" aria-hidden=\"true\"><\/i>\n\t\t\t<\/div>\n\t\t<\/div>\n\t\t<\/div>\n\t\t\t\t<\/div>\n\t\t\t\t<div class=\"elementor-element elementor-element-cbbd19a elementor-widget elementor-widget-eth_contact_info\" data-id=\"cbbd19a\" data-element_type=\"widget\" data-widget_type=\"eth_contact_info.default\">\n\t\t\t\t<div class=\"elementor-widget-container\">\n\t\t\t\t\t<div class=\"eth-contact-info\">\n\t\t\t<ul>\n\n\t\t\t<li>\n\n\t\t\t<a href=\"#\">\n\t\t\t\t<span class=\"icon\"><i aria-hidden=\"true\" class=\"fas fa-map-pin\"><\/i><\/span>\n\t\t\t\t<span class=\"title\">Rambyno gatv\u0117 27, 00222 Palanga, Lietuva<\/span>\n\n\t\t\t<\/a>\n\t\t<\/li>\n\t\t\t<li>\n\n\t\t\t<a href=\"mailto:palangainn@gmail.com\">\n\t\t\t\t<span class=\"icon\"><i aria-hidden=\"true\" class=\"fas fa-envelope\"><\/i><\/span>\n\t\t\t\t<span class=\"title\">palangainn@gmail.com<\/span>\n\n\t\t\t<\/a>\n\t\t<\/li>\n\t\t\t<li>\n\n\t\t\t<a href=\"tel:+37062055505\">\n\t\t\t\t<span class=\"icon\"><i aria-hidden=\"true\" class=\"fas fa-phone\"><\/i><\/span>\n\t\t\t\t<span class=\"title\">+37062055505<\/span>\n\n\t\t\t<\/a>\n\t\t<\/li>\n\t\t\t\t<\/ul>\n\t\t<\/div>\n    \t\t<\/div>\n\t\t\t\t<\/div>\n\t\t\t\t<div class=\"elementor-element elementor-element-9418e8d elementor-widget elementor-widget-eth_social\" data-id=\"9418e8d\" data-element_type=\"widget\" data-widget_type=\"eth_social.default\">\n\t\t\t\t<div class=\"elementor-widget-container\">\n\t\t\t\n\t\t\t<div class=\"eth-social-media\">\n\t\n\t\t\t<a href=\"https:\/\/www.facebook.com\/palangainn.lt\"> \n\t\t\t\t\t\t\t\t\t\t\t\t\t\t\t\t\n\n\t\t\t\t\t\t<i aria-hidden=\"true\" class=\"fab fa-facebook\"><\/i>\n\t\t\t<\/a>\n\t\t\n\t\n\t\t\t<a href=\"https:\/\/www.instagram.com\/palangainn\/\"> \n\t\t\t\t\t\t\t\t\t\t\t\t\t\t\t\t\n\n\t\t\t\t\t\t<i aria-hidden=\"true\" class=\"fab fa-instagram\"><\/i>\n\t\t\t<\/a>\n\t\t\n\t\n\t\t\t<a href=\"https:\/\/www.tiktok.com\/@palangainn\"> \n\t\t\t\t\t\t\t\t\t\t\t\t\t\t\t\t\n\n\t\t\t\t\t\t<i aria-hidden=\"true\" class=\"fab fa-tiktok\"><\/i>\n\t\t\t<\/a>\n\t\t\n\t\t\t\t<\/div>\n\n\n    \t\t<\/div>\n\t\t\t\t<\/div>\n\t\t\t\t\t<\/div>\n\t\t<\/div>\n\t\t\t\t\t\t\t<\/div>\n\t\t<\/section>\n\t\t\t\t\t\t\t<\/div>","protected":false},"excerpt":{"rendered":"<p>Kontaktin\u0117 forma Reikalinga konsultacija? Susisiekite su mumis \u017eemiau nurodyta forma Rambyno gatv\u0117 27, 00222 Palanga, Lietuva palangainn@gmail.com +37062055505<\/p>","protected":false},"author":1,"featured_media":0,"parent":0,"menu_order":0,"comment_status":"closed","ping_status":"closed","template":"","meta":{"inline_featured_image":false,"footnotes":""},"class_list":["post-14","page","type-page","status-publish","hentry"],"_links":{"self":[{"href":"https:\/\/palangainn.lt\/en\/wp-json\/wp\/v2\/pages\/14","targetHints":{"allow":["GET"]}}],"collection":[{"href":"https:\/\/palangainn.lt\/en\/wp-json\/wp\/v2\/pages"}],"about":[{"href":"https:\/\/palangainn.lt\/en\/wp-json\/wp\/v2\/types\/page"}],"author":[{"embeddable":true,"href":"https:\/\/palangainn.lt\/en\/wp-json\/wp\/v2\/users\/1"}],"replies":[{"embeddable":true,"href":"https:\/\/palangainn.lt\/en\/wp-json\/wp\/v2\/comments?post=14"}],"version-history":[{"count":16,"href":"https:\/\/palangainn.lt\/en\/wp-json\/wp\/v2\/pages\/14\/revisions"}],"predecessor-version":[{"id":3770,"href":"https:\/\/palangainn.lt\/en\/wp-json\/wp\/v2\/pages\/14\/revisions\/3770"}],"wp:attachment":[{"href":"https:\/\/palangainn.lt\/en\/wp-json\/wp\/v2\/media?parent=14"}],"curies":[{"name":"wp","href":"https:\/\/api.w.org\/{rel}","templated":true}]}}