{"id":1028,"date":"2022-05-05T14:40:55","date_gmt":"2022-05-05T14:40:55","guid":{"rendered":"https:\/\/demo.himaratheme.com\/?page_id=1028"},"modified":"2023-03-06T11:33:47","modified_gmt":"2023-03-06T11:33:47","slug":"lankytinos-vietos","status":"publish","type":"page","link":"https:\/\/palangainn.lt\/en\/lankytinos-vietos\/","title":{"rendered":"Places to visit"},"content":{"rendered":"<div data-elementor-type=\"wp-page\" data-elementor-id=\"1028\" class=\"elementor elementor-1028\">\n\t\t\t\t\t\t\t\t\t<section class=\"elementor-section elementor-top-section elementor-element elementor-element-c790f97 elementor-section-full_width elementor-section-height-default elementor-section-height-default\" data-id=\"c790f97\" data-element_type=\"section\">\n\t\t\t\t\t\t<div class=\"elementor-container elementor-column-gap-no\">\n\t\t\t\t\t<div class=\"elementor-column elementor-col-100 elementor-top-column elementor-element elementor-element-b29fa8d\" data-id=\"b29fa8d\" data-element_type=\"column\">\n\t\t\t<div class=\"elementor-widget-wrap elementor-element-populated\">\n\t\t\t\t\t\t\t\t<div class=\"elementor-element elementor-element-b7a5e17 elementor-widget elementor-widget-eb_places\" data-id=\"b7a5e17\" data-element_type=\"widget\" data-widget_type=\"eb_places.default\">\n\t\t\t\t<div class=\"elementor-widget-container\">\n\t\t\t\n\t\t\n\t\t<div id=\"places-Rj9KX\" class=\"eb-g-lg-4 eb-g-md-3 eb-g-sm-1 eb-places\">\n\n\t\t<div class=\"eb-place-item\" style=\"background-image: url( https:\/\/palangainn.lt\/wp-content\/uploads\/2023\/03\/20230407_094004-min-720x470.jpg ) \">\r\n    <a href=\"https:\/\/palangainn.lt\/en\/rekomenduojame-aplankyti\/palangos-miesto-vaiku-zaidimu-aikstele\/\"><\/a>\r\n            <div class=\"details\">\r\n            <h4 class=\"title\">Children's playground of Palanga city<span><\/span><\/h4>\r\n        <\/div>\r\n    <\/div>\r\n<div class=\"eb-place-item\" style=\"background-image: url( https:\/\/palangainn.lt\/wp-content\/uploads\/2023\/03\/IMG_20200816_181135-1-720x470.jpg ) \">\r\n    <a href=\"https:\/\/palangainn.lt\/en\/rekomenduojame-aplankyti\/boom-park\/\"><\/a>\r\n            <div class=\"details\">\r\n            <h4 class=\"title\">BOOM park<span><\/span><\/h4>\r\n        <\/div>\r\n    <\/div>\r\n<div class=\"eb-place-item\" style=\"background-image: url( https:\/\/palangainn.lt\/wp-content\/uploads\/2023\/03\/FB_IMG_1680868590023-720x470.jpg ) \">\r\n    <a href=\"https:\/\/palangainn.lt\/en\/rekomenduojame-aplankyti\/vandens-batutu-parkas-wakepark\/\"><\/a>\r\n            <div class=\"details\">\r\n            <h4 class=\"title\">Water Trampoline Park Wakepark<span><\/span><\/h4>\r\n        <\/div>\r\n    <\/div>\r\n<div class=\"eb-place-item\" style=\"background-image: url( https:\/\/palangainn.lt\/wp-content\/uploads\/2023\/04\/20230407_092306-min-1-720x470.jpg ) \">\r\n    <a href=\"https:\/\/palangainn.lt\/en\/rekomenduojame-aplankyti\/palangos-tiltas-ir-basanaviciaus-gatve\/\"><\/a>\r\n            <div class=\"details\">\r\n            <h4 class=\"title\">Palanga Bridge and Basanavi\u010dius Street<span><\/span><\/h4>\r\n        <\/div>\r\n    <\/div>\r\n<div class=\"eb-place-item\" style=\"background-image: url( https:\/\/palangainn.lt\/wp-content\/uploads\/2023\/04\/IMG_20210520_125424-min-3-720x470.jpg ) \">\r\n    <a href=\"https:\/\/palangainn.lt\/en\/rekomenduojame-aplankyti\/misko-takas-labrytys\/\"><\/a>\r\n            <div class=\"details\">\r\n            <h4 class=\"title\">Forest path LABRYTYS<span><\/span><\/h4>\r\n        <\/div>\r\n    <\/div>\r\n<div class=\"eb-place-item\" style=\"background-image: url( https:\/\/palangainn.lt\/wp-content\/uploads\/2023\/04\/ezgif.com-webp-to-jpg-720x470.jpg ) \">\r\n    <a href=\"https:\/\/palangainn.lt\/en\/rekomenduojame-aplankyti\/palangos-baseinas\/\"><\/a>\r\n            <div class=\"details\">\r\n            <h4 class=\"title\">Palanga swimming pool<span><\/span><\/h4>\r\n        <\/div>\r\n    <\/div>\r\n<div class=\"eb-place-item\" style=\"background-image: url( https:\/\/palangainn.lt\/wp-content\/uploads\/2024\/05\/IMG_20230915_101837_209-720x470.jpg ) \">\r\n    <a href=\"https:\/\/palangainn.lt\/en\/rekomenduojame-aplankyti\/jodinejimas-zirgais-pajuriu\/\"><\/a>\r\n            <div class=\"details\">\r\n            <h4 class=\"title\">Jodin\u0117jimas \u017eirgais paj\u016briu<span><\/span><\/h4>\r\n        <\/div>\r\n    <\/div>\r\n\n\t\t<\/div>\n\n\t\t\t<\/div>\n\t\t\t\t<\/div>\n\t\t\t\t\t<\/div>\n\t\t<\/div>\n\t\t\t\t\t\t\t<\/div>\n\t\t<\/section>\n\t\t\t\t\t\t\t<\/div>","protected":false},"excerpt":{"rendered":"<p>SarandeArcheologyEntertainmentMust Drink CocktailsExtreme SportsLocal FoodCoffee SpotsScuba Diving &amp; Snorkeling<\/p>","protected":false},"author":1,"featured_media":0,"parent":0,"menu_order":0,"comment_status":"closed","ping_status":"closed","template":"","meta":{"inline_featured_image":false,"footnotes":""},"class_list":["post-1028","page","type-page","status-publish","hentry"],"_links":{"self":[{"href":"https:\/\/palangainn.lt\/en\/wp-json\/wp\/v2\/pages\/1028","targetHints":{"allow":["GET"]}}],"collection":[{"href":"https:\/\/palangainn.lt\/en\/wp-json\/wp\/v2\/pages"}],"about":[{"href":"https:\/\/palangainn.lt\/en\/wp-json\/wp\/v2\/types\/page"}],"author":[{"embeddable":true,"href":"https:\/\/palangainn.lt\/en\/wp-json\/wp\/v2\/users\/1"}],"replies":[{"embeddable":true,"href":"https:\/\/palangainn.lt\/en\/wp-json\/wp\/v2\/comments?post=1028"}],"version-history":[{"count":1,"href":"https:\/\/palangainn.lt\/en\/wp-json\/wp\/v2\/pages\/1028\/revisions"}],"predecessor-version":[{"id":3604,"href":"https:\/\/palangainn.lt\/en\/wp-json\/wp\/v2\/pages\/1028\/revisions\/3604"}],"wp:attachment":[{"href":"https:\/\/palangainn.lt\/en\/wp-json\/wp\/v2\/media?parent=1028"}],"curies":[{"name":"wp","href":"https:\/\/api.w.org\/{rel}","templated":true}]}}